{"id":74,"date":"2021-12-27T14:24:00","date_gmt":"2021-12-27T17:24:00","guid":{"rendered":"https:\/\/prefeitura.santarosa.rs.gov.br\/?page_id=74"},"modified":"2023-06-28T15:02:17","modified_gmt":"2023-06-28T18:02:17","slug":"educacao","status":"publish","type":"page","link":"https:\/\/prefeitura.santarosa.rs.gov.br\/?page_id=74","title":{"rendered":"Educa\u00e7\u00e3o"},"content":{"rendered":"\n<p>Taxa de escolariza\u00e7\u00e3o de 6 a 14 anos de idade [2010]: <strong>98,6 %<\/strong><br>IDEB \u2013 Anos iniciais do ensino fundamental (Rede p\u00fablica) [2019]: <strong>6,5<\/strong><br>IDEB \u2013 Anos finais do ensino fundamental (Rede p\u00fablica) [2019]:<strong> 4,8<\/strong><br>Matr\u00edculas no ensino fundamental [2020]: <strong>8.467<\/strong> matr\u00edculas<br>Matr\u00edculas no ensino m\u00e9dio [2020]: <strong>2.789<\/strong> matr\u00edculas<br>Docentes no ensino fundamental [2020]: <strong>513<\/strong> docentes<br>Docentes no ensino m\u00e9dio [2020]: <strong>257<\/strong> docentes<br>N\u00famero de estabelecimentos de ensino fundamental [2020]: <strong>33<\/strong> escolas<br>N\u00famero de estabelecimentos de ensino m\u00e9dio [2020]: <strong>13<\/strong> escolas<\/p>\n\n\n\n<p>Fonte: IBGE: <a href=\"http:\/\/cidades.ibge.gov.br\/v4\/brasil\/rs\/santa-rosa\/panorama\">http:\/\/cidades.ibge.gov.br\/v4\/brasil\/rs\/santa-rosa\/panorama<\/a><\/p>\n","protected":false},"excerpt":{"rendered":"<p>Taxa de escolariza\u00e7\u00e3o de 6 a 14 anos de idade [2010]: 98,6 %IDEB \u2013 Anos iniciais do ensino fundamental (Rede<\/p>\n","protected":false},"author":2,"featured_media":0,"parent":7180,"menu_order":0,"comment_status":"closed","ping_status":"closed","template":"","meta":{"footnotes":""},"class_list":["post-74","page","type-page","status-publish","hentry"],"aioseo_notices":[],"_links":{"self":[{"href":"https:\/\/prefeitura.santarosa.rs.gov.br\/index.php?rest_route=\/wp\/v2\/pages\/74","targetHints":{"allow":["GET"]}}],"collection":[{"href":"https:\/\/prefeitura.santarosa.rs.gov.br\/index.php?rest_route=\/wp\/v2\/pages"}],"about":[{"href":"https:\/\/prefeitura.santarosa.rs.gov.br\/index.php?rest_route=\/wp\/v2\/types\/page"}],"author":[{"embeddable":true,"href":"https:\/\/prefeitura.santarosa.rs.gov.br\/index.php?rest_route=\/wp\/v2\/users\/2"}],"replies":[{"embeddable":true,"href":"https:\/\/prefeitura.santarosa.rs.gov.br\/index.php?rest_route=%2Fwp%2Fv2%2Fcomments&post=74"}],"version-history":[{"count":1,"href":"https:\/\/prefeitura.santarosa.rs.gov.br\/index.php?rest_route=\/wp\/v2\/pages\/74\/revisions"}],"predecessor-version":[{"id":75,"href":"https:\/\/prefeitura.santarosa.rs.gov.br\/index.php?rest_route=\/wp\/v2\/pages\/74\/revisions\/75"}],"up":[{"embeddable":true,"href":"https:\/\/prefeitura.santarosa.rs.gov.br\/index.php?rest_route=\/wp\/v2\/pages\/7180"}],"wp:attachment":[{"href":"https:\/\/prefeitura.santarosa.rs.gov.br\/index.php?rest_route=%2Fwp%2Fv2%2Fmedia&parent=74"}],"curies":[{"name":"wp","href":"https:\/\/api.w.org\/{rel}","templated":true}]}}