{"id":72,"date":"2021-12-27T14:22:50","date_gmt":"2021-12-27T17:22:50","guid":{"rendered":"https:\/\/prefeitura.santarosa.rs.gov.br\/?page_id=72"},"modified":"2023-06-28T14:49:04","modified_gmt":"2023-06-28T17:49:04","slug":"economia","status":"publish","type":"page","link":"https:\/\/prefeitura.santarosa.rs.gov.br\/?page_id=72","title":{"rendered":"Economia"},"content":{"rendered":"\n<p>Na agropecu\u00e1ria, destaca-se o rebanho bovino manejado com modernas t\u00e9cnicas de produ\u00e7\u00e3o, que faz desta a maior bacia leiteira do Rio Grande do Sul, fornecendo, juntamente com a suinocultura, mat\u00e9ria-prima qualificada para as agroind\u00fastrias.<\/p>\n\n\n\n<p>A agricultura responde por boa parte da produ\u00e7\u00e3o ga\u00facha, com destaque para a soja (30% do Estado), que movimenta um ciclo de neg\u00f3cios que vai do pequeno produtor ao mercado internacional. A produ\u00e7\u00e3o de hortigranjeiros e produtos coloniais revela-se uma alternativa de valoriza\u00e7\u00e3o e rentabilidade da fam\u00edlia rural, aproximando os frutos da terra do consumidor local.<\/p>\n\n\n\n<p>P\u00d3LO METAL-MEC\u00c2NICO<\/p>\n\n\n\n<p>No p\u00f3lo metal-mec\u00e2nico, Santa Rosa e regi\u00e3o s\u00e3o modelos no segmento industrial. Fabricando pe\u00e7as, m\u00e1quinas e implementos agr\u00edcolas, situadas entre as maiores do mundo (AGCO e JOHN DEERE), lideram um processo de produ\u00e7\u00e3o que movimenta o agroneg\u00f3cio e consolida aqui o mais vigoroso p\u00f3lo metal-mec\u00e2nico do pa\u00eds voltado para a agricultura. Cerca de 66% das colheitadeiras brasileiras s\u00e3o produzidas aqui.<\/p>\n\n\n\n<p>IND\u00daSTRIA<\/p>\n\n\n\n<p>As ind\u00fastrias beneficiam os frutos do setor prim\u00e1rio com tecnologia e efici\u00eancia. A erva-mate produzida em Santa Rosa abastece a tradi\u00e7\u00e3o do chimarr\u00e3o em todo o Estado; um volume consider\u00e1vel de soja \u00e9 transformado em farelo ou \u00f3leo, fazendo parte da composi\u00e7\u00e3o de marcas consagradas de alimentos; cooperativas investem na agroind\u00fastria potencializando a for\u00e7a do produtor local.<\/p>\n\n\n\n<p>CONSTRU\u00c7\u00c3O CIVIL<\/p>\n\n\n\n<p>As empresas de constru\u00e7\u00e3o civil do munic\u00edpio se destacam no Estado, edificando obras p\u00fablicas e privadas com sistemas construtivos inovadores, m\u00e3o-de-obra qualificada e presteza no cumprimento de prazos.<\/p>\n","protected":false},"excerpt":{"rendered":"<p>Na agropecu\u00e1ria, destaca-se o rebanho bovino manejado com modernas t\u00e9cnicas de produ\u00e7\u00e3o, que faz desta a maior bacia leiteira do<\/p>\n","protected":false},"author":2,"featured_media":0,"parent":7180,"menu_order":0,"comment_status":"closed","ping_status":"closed","template":"","meta":{"footnotes":""},"class_list":["post-72","page","type-page","status-publish","hentry"],"aioseo_notices":[],"_links":{"self":[{"href":"https:\/\/prefeitura.santarosa.rs.gov.br\/index.php?rest_route=\/wp\/v2\/pages\/72","targetHints":{"allow":["GET"]}}],"collection":[{"href":"https:\/\/prefeitura.santarosa.rs.gov.br\/index.php?rest_route=\/wp\/v2\/pages"}],"about":[{"href":"https:\/\/prefeitura.santarosa.rs.gov.br\/index.php?rest_route=\/wp\/v2\/types\/page"}],"author":[{"embeddable":true,"href":"https:\/\/prefeitura.santarosa.rs.gov.br\/index.php?rest_route=\/wp\/v2\/users\/2"}],"replies":[{"embeddable":true,"href":"https:\/\/prefeitura.santarosa.rs.gov.br\/index.php?rest_route=%2Fwp%2Fv2%2Fcomments&post=72"}],"version-history":[{"count":1,"href":"https:\/\/prefeitura.santarosa.rs.gov.br\/index.php?rest_route=\/wp\/v2\/pages\/72\/revisions"}],"predecessor-version":[{"id":73,"href":"https:\/\/prefeitura.santarosa.rs.gov.br\/index.php?rest_route=\/wp\/v2\/pages\/72\/revisions\/73"}],"up":[{"embeddable":true,"href":"https:\/\/prefeitura.santarosa.rs.gov.br\/index.php?rest_route=\/wp\/v2\/pages\/7180"}],"wp:attachment":[{"href":"https:\/\/prefeitura.santarosa.rs.gov.br\/index.php?rest_route=%2Fwp%2Fv2%2Fmedia&parent=72"}],"curies":[{"name":"wp","href":"https:\/\/api.w.org\/{rel}","templated":true}]}}