{"id":70,"date":"2021-12-27T14:21:53","date_gmt":"2021-12-27T17:21:53","guid":{"rendered":"https:\/\/prefeitura.santarosa.rs.gov.br\/?page_id=70"},"modified":"2023-06-28T14:48:51","modified_gmt":"2023-06-28T17:48:51","slug":"bairros-do-municipio","status":"publish","type":"page","link":"https:\/\/prefeitura.santarosa.rs.gov.br\/?page_id=70","title":{"rendered":"Bairros do Munic\u00edpio"},"content":{"rendered":"\n<p>O munic\u00edpio possui hoje 8 (oito) bairros. Na maioria deles encontramos escolas de ensino fundamental, escolas de educa\u00e7\u00e3o infantil, postos de sa\u00fade, ilumina\u00e7\u00e3o e telefones p\u00fablicos.<\/p>\n\n\n\n<p>Os bairros e as vilas que os formam s\u00e3o:<\/p>\n\n\n\n<ul class=\"wp-block-list\"><li>Bairro Sulina: Vila Sulina, Vila Nova, Santa In\u00eas e Alto Petr\u00f3polis.<\/li><li>BairroTimba\u00fava: Vila Timba\u00fava, Recanto da Timba\u00fava, Jardim Petr\u00f3polis, Vila Prenda e Vila Guarani.<\/li><li>Bairro Gl\u00f3ria: Vila Gl\u00f3ria, Vila Alian\u00e7a, Alto da Gl\u00f3ria, Loteamento Residencial do Parque, Vivendas Alto do Parque e Vila Alto do Parque.<\/li><li>Bairro Central: Vila Beatriz, Vila Oliveira, Vila Flores, Vila Balne\u00e1ria, Vila dos Banc\u00e1rios e Vila Santos.<\/li><li>Bairro Cruzeiro: Vila Jardim, Vila Kontarski, Vila Progresso, Vila Pereira, Morada do Sol (Cohab), Vila Speroni, Vila J\u00falio de Oliveira, Vila Bomba, Loteamento Cruzeiro do Sul, Vila Iban\u00eas e Vila Nossa Senhora Aparecida.<\/li><li>Bairro Auxiliadora: Vila Auxiliadora e Loteamento Bom Sucesso.<\/li><li>Bairro Planalto: Vila Planalto, Pr\u00f3-Morar da Planalto, Vila Agr\u00edcola, Loteamento Vicente Cardoso, Loteamento Bela Vista e Vila Piekala.<\/li><li>Bairro S\u00e3o Francisco: Vila Esperan\u00e7a, Loteamento Ouro Verde, Vila S\u00e3o Francisco.<\/li><\/ul>\n","protected":false},"excerpt":{"rendered":"<p>O munic\u00edpio possui hoje 8 (oito) bairros. Na maioria deles encontramos escolas de ensino fundamental, escolas de educa\u00e7\u00e3o infantil, postos<\/p>\n","protected":false},"author":2,"featured_media":0,"parent":7180,"menu_order":0,"comment_status":"closed","ping_status":"closed","template":"","meta":{"footnotes":""},"class_list":["post-70","page","type-page","status-publish","hentry"],"aioseo_notices":[],"_links":{"self":[{"href":"https:\/\/prefeitura.santarosa.rs.gov.br\/index.php?rest_route=\/wp\/v2\/pages\/70","targetHints":{"allow":["GET"]}}],"collection":[{"href":"https:\/\/prefeitura.santarosa.rs.gov.br\/index.php?rest_route=\/wp\/v2\/pages"}],"about":[{"href":"https:\/\/prefeitura.santarosa.rs.gov.br\/index.php?rest_route=\/wp\/v2\/types\/page"}],"author":[{"embeddable":true,"href":"https:\/\/prefeitura.santarosa.rs.gov.br\/index.php?rest_route=\/wp\/v2\/users\/2"}],"replies":[{"embeddable":true,"href":"https:\/\/prefeitura.santarosa.rs.gov.br\/index.php?rest_route=%2Fwp%2Fv2%2Fcomments&post=70"}],"version-history":[{"count":1,"href":"https:\/\/prefeitura.santarosa.rs.gov.br\/index.php?rest_route=\/wp\/v2\/pages\/70\/revisions"}],"predecessor-version":[{"id":71,"href":"https:\/\/prefeitura.santarosa.rs.gov.br\/index.php?rest_route=\/wp\/v2\/pages\/70\/revisions\/71"}],"up":[{"embeddable":true,"href":"https:\/\/prefeitura.santarosa.rs.gov.br\/index.php?rest_route=\/wp\/v2\/pages\/7180"}],"wp:attachment":[{"href":"https:\/\/prefeitura.santarosa.rs.gov.br\/index.php?rest_route=%2Fwp%2Fv2%2Fmedia&parent=70"}],"curies":[{"name":"wp","href":"https:\/\/api.w.org\/{rel}","templated":true}]}}