{"id":66,"date":"2021-12-27T14:19:30","date_gmt":"2021-12-27T17:19:30","guid":{"rendered":"https:\/\/prefeitura.santarosa.rs.gov.br\/?page_id=66"},"modified":"2023-06-28T14:57:46","modified_gmt":"2023-06-28T17:57:46","slug":"demografia","status":"publish","type":"page","link":"https:\/\/prefeitura.santarosa.rs.gov.br\/?page_id=66","title":{"rendered":"Demografia"},"content":{"rendered":"\n<ul class=\"wp-block-list\"><li>Densidade demogr\u00e1fica [2010]: 140,03 hab\/km2<\/li><li>Popula\u00e7\u00e3o estimada [2021]: 73.882 pessoas<\/li><li>Popula\u00e7\u00e3o no \u00faltimo censo [2016]: 72.504 pessoas<\/li><\/ul>\n\n\n\n<p>Fonte: IBGE: <a href=\"http:\/\/cidades.ibge.gov.br\/v4\/brasil\/rs\/santa-rosa\/panorama\">http:\/\/cidades.ibge.gov.br\/v4\/brasil\/rs\/santa-rosa\/panorama<\/a><\/p>\n","protected":false},"excerpt":{"rendered":"<p>Densidade demogr\u00e1fica [2010]: 140,03 hab\/km2 Popula\u00e7\u00e3o estimada [2021]: 73.882 pessoas Popula\u00e7\u00e3o no \u00faltimo censo [2016]: 72.504 pessoas Fonte: IBGE: http:\/\/cidades.ibge.gov.br\/v4\/brasil\/rs\/santa-rosa\/panorama<\/p>\n","protected":false},"author":2,"featured_media":0,"parent":7180,"menu_order":0,"comment_status":"closed","ping_status":"closed","template":"","meta":{"footnotes":""},"class_list":["post-66","page","type-page","status-publish","hentry"],"aioseo_notices":[],"_links":{"self":[{"href":"https:\/\/prefeitura.santarosa.rs.gov.br\/index.php?rest_route=\/wp\/v2\/pages\/66","targetHints":{"allow":["GET"]}}],"collection":[{"href":"https:\/\/prefeitura.santarosa.rs.gov.br\/index.php?rest_route=\/wp\/v2\/pages"}],"about":[{"href":"https:\/\/prefeitura.santarosa.rs.gov.br\/index.php?rest_route=\/wp\/v2\/types\/page"}],"author":[{"embeddable":true,"href":"https:\/\/prefeitura.santarosa.rs.gov.br\/index.php?rest_route=\/wp\/v2\/users\/2"}],"replies":[{"embeddable":true,"href":"https:\/\/prefeitura.santarosa.rs.gov.br\/index.php?rest_route=%2Fwp%2Fv2%2Fcomments&post=66"}],"version-history":[{"count":1,"href":"https:\/\/prefeitura.santarosa.rs.gov.br\/index.php?rest_route=\/wp\/v2\/pages\/66\/revisions"}],"predecessor-version":[{"id":67,"href":"https:\/\/prefeitura.santarosa.rs.gov.br\/index.php?rest_route=\/wp\/v2\/pages\/66\/revisions\/67"}],"up":[{"embeddable":true,"href":"https:\/\/prefeitura.santarosa.rs.gov.br\/index.php?rest_route=\/wp\/v2\/pages\/7180"}],"wp:attachment":[{"href":"https:\/\/prefeitura.santarosa.rs.gov.br\/index.php?rest_route=%2Fwp%2Fv2%2Fmedia&parent=66"}],"curies":[{"name":"wp","href":"https:\/\/api.w.org\/{rel}","templated":true}]}}