{"id":63,"date":"2021-12-27T14:16:43","date_gmt":"2021-12-27T17:16:43","guid":{"rendered":"https:\/\/prefeitura.santarosa.rs.gov.br\/?page_id=63"},"modified":"2023-06-28T14:48:00","modified_gmt":"2023-06-28T17:48:00","slug":"hino","status":"publish","type":"page","link":"https:\/\/prefeitura.santarosa.rs.gov.br\/?page_id=63","title":{"rendered":"Hino"},"content":{"rendered":"\n<figure class=\"wp-block-audio\"><audio controls src=\"https:\/\/prefeitura.santarosa.rs.gov.br\/wp-content\/uploads\/2022\/06\/Hino_Santa_Rosa_RS.mp3\"><\/audio><\/figure>\n\n\n\n<p><\/p>\n\n\n\n<p>Ressoando com j\u00fabilo imenso<br>Nossa voz quer teu nome saudar.<br>Santa Rosa, beleza e sorriso<br>Santa Rosa, cidade sem par.<br>\/: \u00c9s o encanto de um povo altaneiro,<br>Alegria constante do olhar.:\/<br>Santa Rosa cidade modelo<br>Na conquista das realiza\u00e7\u00f5es<br>No valor do trabalho \u00e9s exemplo<br>Irmanando oper\u00e1rios e patr\u00f5es.<br>\/: \u00c9s o ber\u00e7o imponente da soja<br>Esperan\u00e7a do ch\u00e3o das Miss\u00f5es :\/<br>\u00c9s cidade gentil progressista<br>Vanguardeira de nobres ideais<br>Teu futuro ser\u00e1 nossa gl\u00f3ria<br>Teus triunfos ser\u00e3o eternais;<br>\/: Santa Rosa teu nome \u00e9 orgulho<br>Dos teus filhos briosos leais :\/<\/p>\n\n\n\n<p><\/p>\n\n\n\n<p>M\u00fasica: Gustavo Koetz<br>Letra: Pe. Carlos Afonso Schmidt<\/p>\n","protected":false},"excerpt":{"rendered":"<p>Ressoando com j\u00fabilo imensoNossa voz quer teu nome saudar.Santa Rosa, beleza e sorrisoSanta Rosa, cidade sem par.\/: \u00c9s o encanto<\/p>\n","protected":false},"author":2,"featured_media":0,"parent":7180,"menu_order":0,"comment_status":"closed","ping_status":"closed","template":"","meta":{"footnotes":""},"class_list":["post-63","page","type-page","status-publish","hentry"],"aioseo_notices":[],"_links":{"self":[{"href":"https:\/\/prefeitura.santarosa.rs.gov.br\/index.php?rest_route=\/wp\/v2\/pages\/63","targetHints":{"allow":["GET"]}}],"collection":[{"href":"https:\/\/prefeitura.santarosa.rs.gov.br\/index.php?rest_route=\/wp\/v2\/pages"}],"about":[{"href":"https:\/\/prefeitura.santarosa.rs.gov.br\/index.php?rest_route=\/wp\/v2\/types\/page"}],"author":[{"embeddable":true,"href":"https:\/\/prefeitura.santarosa.rs.gov.br\/index.php?rest_route=\/wp\/v2\/users\/2"}],"replies":[{"embeddable":true,"href":"https:\/\/prefeitura.santarosa.rs.gov.br\/index.php?rest_route=%2Fwp%2Fv2%2Fcomments&post=63"}],"version-history":[{"count":4,"href":"https:\/\/prefeitura.santarosa.rs.gov.br\/index.php?rest_route=\/wp\/v2\/pages\/63\/revisions"}],"predecessor-version":[{"id":3173,"href":"https:\/\/prefeitura.santarosa.rs.gov.br\/index.php?rest_route=\/wp\/v2\/pages\/63\/revisions\/3173"}],"up":[{"embeddable":true,"href":"https:\/\/prefeitura.santarosa.rs.gov.br\/index.php?rest_route=\/wp\/v2\/pages\/7180"}],"wp:attachment":[{"href":"https:\/\/prefeitura.santarosa.rs.gov.br\/index.php?rest_route=%2Fwp%2Fv2%2Fmedia&parent=63"}],"curies":[{"name":"wp","href":"https:\/\/api.w.org\/{rel}","templated":true}]}}