{"id":15477,"date":"2025-11-07T14:12:10","date_gmt":"2025-11-07T17:12:10","guid":{"rendered":"https:\/\/prefeitura.santarosa.rs.gov.br\/?page_id=15477"},"modified":"2025-11-07T14:13:27","modified_gmt":"2025-11-07T17:13:27","slug":"manifestacao-de-interesse-de-empresas-do-ramo-da-construcao-civil","status":"publish","type":"page","link":"https:\/\/prefeitura.santarosa.rs.gov.br\/?page_id=15477","title":{"rendered":"MANIFESTA\u00c7\u00c3O DE INTERESSE DE EMPRESAS DO RAMO DA CONSTRU\u00c7\u00c3O CIVIL"},"content":{"rendered":"\n<p><a href=\"https:\/\/prefeitura.santarosa.rs.gov.br\/?p=15471\" target=\"_blank\" rel=\"noopener\" title=\"\"><strong>Edital de manifesta\u00e7\u00e3o N\u00ba 02\/25<\/strong><br>MANIFESTA\u00c7\u00c3O DE INTERESSE DE EMPRESAS DO RAMO DA CONSTRU\u00c7\u00c3O CIVIL PARA ELABORAR PROJETO E CONSTRUIR <strong>80 UNIDADES HABITACIONAIS<\/strong>, NO \u00c2MBITO DO PROGRAMA MINHA CASA, MINHA VIDA, NO <strong>LOTEAMENTO BOM JESUS.<\/strong><\/a><\/p>\n\n\n\n<p><a href=\"https:\/\/prefeitura.santarosa.rs.gov.br\/?p=15473\" target=\"_blank\" rel=\"noopener\" title=\"\"><strong>Edital de manifesta\u00e7\u00e3o N\u00ba 03\/25<\/strong><br>MANIFESTA\u00c7\u00c3O DE INTERESSE DE EMPRESAS DO RAMO DA CONSTRU\u00c7\u00c3O CIVIL PARA ELABORAR PROJETO E CONSTRUIR <strong>48 UNIDADES HABITACIONAIS<\/strong>, NO \u00c2MBITO DO PROGRAMA MINHA CASA, MINHA VIDA, NO <strong>BAIRRO AUXILIADORA.<\/strong><\/a><\/p>\n\n\n\n<p><a href=\"https:\/\/prefeitura.santarosa.rs.gov.br\/?p=15475\" target=\"_blank\" rel=\"noopener\" title=\"\"><strong>Edital de manifesta\u00e7\u00e3o N\u00ba 04\/25<\/strong><br>MANIFESTA\u00c7\u00c3O DE INTERESSE DE EMPRESAS DO RAMO DA CONSTRU\u00c7\u00c3O CIVIL PARA ELABORAR PROJETO E CONSTRUIR <strong>32 UNIDADES HABITACIONAIS<\/strong>, NO \u00c2MBITO DO PROGRAMA MINHA CASA, MINHA VIDA, NA <strong>LOCALIDADE DA MORADA DO SOL.<\/strong><\/a><\/p>\n\n\n\n<p><\/p>\n","protected":false},"excerpt":{"rendered":"<p>Edital de manifesta\u00e7\u00e3o N\u00ba 02\/25MANIFESTA\u00c7\u00c3O DE INTERESSE DE EMPRESAS DO RAMO DA CONSTRU\u00c7\u00c3O CIVIL PARA ELABORAR PROJETO E CONSTRUIR 80<\/p>\n","protected":false},"author":1,"featured_media":0,"parent":0,"menu_order":0,"comment_status":"closed","ping_status":"closed","template":"","meta":{"footnotes":""},"class_list":["post-15477","page","type-page","status-publish","hentry"],"aioseo_notices":[],"_links":{"self":[{"href":"https:\/\/prefeitura.santarosa.rs.gov.br\/index.php?rest_route=\/wp\/v2\/pages\/15477","targetHints":{"allow":["GET"]}}],"collection":[{"href":"https:\/\/prefeitura.santarosa.rs.gov.br\/index.php?rest_route=\/wp\/v2\/pages"}],"about":[{"href":"https:\/\/prefeitura.santarosa.rs.gov.br\/index.php?rest_route=\/wp\/v2\/types\/page"}],"author":[{"embeddable":true,"href":"https:\/\/prefeitura.santarosa.rs.gov.br\/index.php?rest_route=\/wp\/v2\/users\/1"}],"replies":[{"embeddable":true,"href":"https:\/\/prefeitura.santarosa.rs.gov.br\/index.php?rest_route=%2Fwp%2Fv2%2Fcomments&post=15477"}],"version-history":[{"count":2,"href":"https:\/\/prefeitura.santarosa.rs.gov.br\/index.php?rest_route=\/wp\/v2\/pages\/15477\/revisions"}],"predecessor-version":[{"id":15480,"href":"https:\/\/prefeitura.santarosa.rs.gov.br\/index.php?rest_route=\/wp\/v2\/pages\/15477\/revisions\/15480"}],"wp:attachment":[{"href":"https:\/\/prefeitura.santarosa.rs.gov.br\/index.php?rest_route=%2Fwp%2Fv2%2Fmedia&parent=15477"}],"curies":[{"name":"wp","href":"https:\/\/api.w.org\/{rel}","templated":true}]}}